{"id":448,"date":"2023-07-13T08:04:16","date_gmt":"2023-07-13T08:04:16","guid":{"rendered":"https:\/\/www.ohmydots.com\/docs\/?page_id=448"},"modified":"2023-07-13T08:04:18","modified_gmt":"2023-07-13T08:04:18","slug":"licenca-de-uso-para-os-jogos-criados-no-oh-my-dots","status":"publish","type":"page","link":"https:\/\/www.ohmydots.com\/docs\/pt\/licenca-de-uso-para-os-jogos-criados-no-oh-my-dots\/","title":{"rendered":"Licen\u00e7a de uso para os jogos criados no Oh, my Dots!"},"content":{"rendered":"\n<p>Esta p\u00e1gina \u00e9 um resumo leg\u00edvel para humanos (e n\u00e3o um substituto) dos <a href=\"https:\/\/www.ohmydots.com\/docs\/terms-of-use\/\" title=\"Terms of Use\">Termos do Uso<\/a> do <em>Oh, my Dots!<\/em>. Os Termos de Uso est\u00e3o dispon\u00edveis somente em ingl\u00eas.<\/p>\n\n\n\n<p>O site <em>Oh, my Dots!<\/em> \u00e9 de uso gratuito! Todos os jogos que voc\u00ea gera aqui est\u00e3o licenciados sob a <a href=\"https:\/\/creativecommons.org\/licenses\/by-nd\/4.0\/deed.pt_BR\">Creative Commons \u2014 Atribui\u00e7\u00e3o-SemDeriva\u00e7\u00f5es 4.0 Internacional \u2014 CC BY-ND 4.0<\/a>. Isso significa que:<\/p>\n\n\n\n<p>Voc\u00ea t\u00eam o direito de<\/p>\n\n\n\n<ul class=\"wp-block-list\">\n<li>Compartilhar, copiar e redistribuir o material em qualquer m\u00eddia ou formato para qualquer fim, mesmo que comercial.<\/li>\n<\/ul>\n\n\n\n<p>De acordo com os seguintes termos:<\/p>\n\n\n\n<ul class=\"wp-block-list\">\n<li><strong>Atribui\u00e7\u00e3o<\/strong> &#8211; Voc\u00ea deve dar o\u00a0cr\u00e9dito apropriado, prover um link para a licen\u00e7a. Voc\u00ea deve faz\u00ea-lo em qualquer circunst\u00e2ncia razo\u00e1vel, mas de nenhuma maneira que sugira que o licenciante apoia voc\u00ea ou o seu uso.<\/li>\n\n\n\n<li><strong>Sem derivados<\/strong> &#8211; Voc\u00ea n\u00e3o pode alterar, remixar, transformar ou criar a partir do material gerado. Isso inclui a remo\u00e7\u00e3o de logotipos, textos, marcas registradas e hiperlinks ou o recorte do trabalho gerado.<\/li>\n<\/ul>\n\n\n\n<p>Esta licen\u00e7a \u00e9 v\u00e1lida para jogos impressos e on-line. Se voc\u00ea precisar remover as refer\u00eancias e marcas comerciais do <em>Oh, my Dots!<\/em>, entre em <a href=\"https:\/\/www.ohmydots.com\/docs\/pt\/contato\/\" title=\"Contato\">contato<\/a>. Temos certeza de que encontraremos uma solu\u00e7\u00e3o razo\u00e1vel para voc\u00ea.<\/p>\n","protected":false},"excerpt":{"rendered":"<p>Esta p\u00e1gina \u00e9 um resumo leg\u00edvel para humanos (e n\u00e3o um substituto) dos Termos do Uso do Oh, my Dots!. Os Termos de Uso est\u00e3o dispon\u00edveis somente em ingl\u00eas. O site Oh, my Dots! \u00e9 de uso gratuito! Todos os jogos que voc\u00ea gera aqui est\u00e3o licenciados sob a Creative Commons \u2014 Atribui\u00e7\u00e3o-SemDeriva\u00e7\u00f5es 4.0 Internacional &hellip;<\/p>\n<p class=\"read-more\"> <a class=\"\" href=\"https:\/\/www.ohmydots.com\/docs\/pt\/licenca-de-uso-para-os-jogos-criados-no-oh-my-dots\/\"> <span class=\"screen-reader-text\">Licen\u00e7a de uso para os jogos criados no Oh, my Dots!<\/span> Read More &raquo;<\/a><\/p>\n","protected":false},"author":1,"featured_media":0,"parent":0,"menu_order":0,"comment_status":"closed","ping_status":"closed","template":"","meta":{"site-sidebar-layout":"default","site-content-layout":"default","ast-global-header-display":"","ast-main-header-display":"","ast-hfb-above-header-display":"","ast-hfb-below-header-display":"","ast-hfb-mobile-header-display":"","site-post-title":"","ast-breadcrumbs-content":"","ast-featured-img":"","footer-sml-layout":"","theme-transparent-header-meta":"","adv-header-id-meta":"","stick-header-meta":"","header-above-stick-meta":"","header-main-stick-meta":"","header-below-stick-meta":"","footnotes":""},"class_list":["post-448","page","type-page","status-publish","hentry"],"aioseo_notices":[],"featured_image_src":null,"amp_enabled":true,"_links":{"self":[{"href":"https:\/\/www.ohmydots.com\/docs\/wp-json\/wp\/v2\/pages\/448","targetHints":{"allow":["GET"]}}],"collection":[{"href":"https:\/\/www.ohmydots.com\/docs\/wp-json\/wp\/v2\/pages"}],"about":[{"href":"https:\/\/www.ohmydots.com\/docs\/wp-json\/wp\/v2\/types\/page"}],"author":[{"embeddable":true,"href":"https:\/\/www.ohmydots.com\/docs\/wp-json\/wp\/v2\/users\/1"}],"replies":[{"embeddable":true,"href":"https:\/\/www.ohmydots.com\/docs\/wp-json\/wp\/v2\/comments?post=448"}],"version-history":[{"count":1,"href":"https:\/\/www.ohmydots.com\/docs\/wp-json\/wp\/v2\/pages\/448\/revisions"}],"predecessor-version":[{"id":450,"href":"https:\/\/www.ohmydots.com\/docs\/wp-json\/wp\/v2\/pages\/448\/revisions\/450"}],"wp:attachment":[{"href":"https:\/\/www.ohmydots.com\/docs\/wp-json\/wp\/v2\/media?parent=448"}],"curies":[{"name":"wp","href":"https:\/\/api.w.org\/{rel}","templated":true}]}}