{"id":452,"date":"2023-07-13T08:08:54","date_gmt":"2023-07-13T08:08:54","guid":{"rendered":"https:\/\/www.ohmydots.com\/docs\/?page_id=452"},"modified":"2023-07-13T08:08:56","modified_gmt":"2023-07-13T08:08:56","slug":"licencia-para-los-juegos-generados-en-oh-my-dots","status":"publish","type":"page","link":"https:\/\/www.ohmydots.com\/docs\/es\/licencia-para-los-juegos-generados-en-oh-my-dots\/","title":{"rendered":"Licencia para los juegos generados en Oh, my Dots!"},"content":{"rendered":"\n<p>Esta p\u00e1gina es un resumen legible (y no un sustituto) de las <a href=\"https:\/\/www.ohmydots.com\/docs\/terms-of-use\/\" title=\"Terms of Use\">Condiciones de uso de Oh, my Dots!<\/a>. Las Condiciones de uso s\u00f3lo est\u00e1n disponibles en ingl\u00e9s.<\/p>\n\n\n\n<p>El uso del sitio web <em>Oh, my Dots!<\/em> es gratuito. Todos los juegos que generes aqu\u00ed tienen licencia <a href=\"https:\/\/creativecommons.org\/licenses\/by-nd\/4.0\/deed.es\">Creative Commons \u2014 Atribuci\u00f3n-SinDerivadas 4.0 Internacional \u2014 CC BY-ND 4.0<\/a>. Es decir:<\/p>\n\n\n\n<p>Usted es libre de<\/p>\n\n\n\n<p>Compartir \u2014 copiar y redistribuir el material en cualquier medio o formato para cualquier prop\u00f3sito, incluso comercialmente.<\/p>\n\n\n\n<p>Bajo los siguientes t\u00e9rminos:<\/p>\n\n\n\n<p><strong>Atribuci\u00f3n <\/strong>\u2014 Usted debe dar cr\u00e9dito de manera adecuada, brindar un enlace a la licencia. Puede hacerlo en cualquier forma razonable, pero no de forma tal que sugiera que usted o su uso tienen el apoyo de la licenciante.<\/p>\n\n\n\n<p><strong>Sin Derivadas<\/strong>\u00a0 &#8211; No puede cambiar, remezclar, transformar o construir sobre ello. Esto incluye la eliminaci\u00f3n de logotipos, texto, marcas comerciales e hiperv\u00ednculos o el recorte de la obra generada.<\/p>\n\n\n\n<p>Esta licencia es v\u00e1lida para juegos impresos y en l\u00ednea. Si necesita eliminar las referencias y marcas comerciales de \u00a1Oh, my Dots!, p\u00f3ngase en <a href=\"https:\/\/www.ohmydots.com\/docs\/contact\/\" title=\"Contact\">contacto <\/a>con nosotros. Estamos seguros de que encontraremos una soluci\u00f3n razonable para usted.<\/p>\n","protected":false},"excerpt":{"rendered":"<p>Esta p\u00e1gina es un resumen legible (y no un sustituto) de las Condiciones de uso de Oh, my Dots!. Las Condiciones de uso s\u00f3lo est\u00e1n disponibles en ingl\u00e9s. El uso del sitio web Oh, my Dots! es gratuito. Todos los juegos que generes aqu\u00ed tienen licencia Creative Commons \u2014 Atribuci\u00f3n-SinDerivadas 4.0 Internacional \u2014 CC BY-ND &hellip;<\/p>\n<p class=\"read-more\"> <a class=\"\" href=\"https:\/\/www.ohmydots.com\/docs\/es\/licencia-para-los-juegos-generados-en-oh-my-dots\/\"> <span class=\"screen-reader-text\">Licencia para los juegos generados en Oh, my Dots!<\/span> Read More &raquo;<\/a><\/p>\n","protected":false},"author":1,"featured_media":0,"parent":0,"menu_order":0,"comment_status":"closed","ping_status":"closed","template":"","meta":{"site-sidebar-layout":"default","site-content-layout":"default","ast-global-header-display":"","ast-main-header-display":"","ast-hfb-above-header-display":"","ast-hfb-below-header-display":"","ast-hfb-mobile-header-display":"","site-post-title":"","ast-breadcrumbs-content":"","ast-featured-img":"","footer-sml-layout":"","theme-transparent-header-meta":"","adv-header-id-meta":"","stick-header-meta":"","header-above-stick-meta":"","header-main-stick-meta":"","header-below-stick-meta":"","footnotes":""},"class_list":["post-452","page","type-page","status-publish","hentry"],"aioseo_notices":[],"featured_image_src":null,"amp_enabled":true,"_links":{"self":[{"href":"https:\/\/www.ohmydots.com\/docs\/wp-json\/wp\/v2\/pages\/452","targetHints":{"allow":["GET"]}}],"collection":[{"href":"https:\/\/www.ohmydots.com\/docs\/wp-json\/wp\/v2\/pages"}],"about":[{"href":"https:\/\/www.ohmydots.com\/docs\/wp-json\/wp\/v2\/types\/page"}],"author":[{"embeddable":true,"href":"https:\/\/www.ohmydots.com\/docs\/wp-json\/wp\/v2\/users\/1"}],"replies":[{"embeddable":true,"href":"https:\/\/www.ohmydots.com\/docs\/wp-json\/wp\/v2\/comments?post=452"}],"version-history":[{"count":1,"href":"https:\/\/www.ohmydots.com\/docs\/wp-json\/wp\/v2\/pages\/452\/revisions"}],"predecessor-version":[{"id":454,"href":"https:\/\/www.ohmydots.com\/docs\/wp-json\/wp\/v2\/pages\/452\/revisions\/454"}],"wp:attachment":[{"href":"https:\/\/www.ohmydots.com\/docs\/wp-json\/wp\/v2\/media?parent=452"}],"curies":[{"name":"wp","href":"https:\/\/api.w.org\/{rel}","templated":true}]}}