{"id":769,"date":"2025-03-08T18:13:25","date_gmt":"2025-03-08T18:13:25","guid":{"rendered":"https:\/\/www.ohmydots.com\/docs\/?page_id=769"},"modified":"2025-03-08T18:54:07","modified_gmt":"2025-03-08T18:54:07","slug":"contacto","status":"publish","type":"page","link":"https:\/\/www.ohmydots.com\/docs\/es\/contacto\/","title":{"rendered":"Contacto"},"content":{"rendered":"\n<p>Antes de ponerse en contacto con nosotros, consulte nuestras Preguntas frecuentes.<\/p>\n\n\n\n<h2 class=\"wp-block-heading\">Preguntas Frecuentes<\/h2>\n\n\n\n<details class=\"wp-block-details is-layout-flow wp-block-details-is-layout-flow\"><summary>\u00bfPuedo utilizar los juegos Oh, my Dots! con fines educativos?<\/summary>\n<p>S\u00ed, puede compartir los enlaces o imprimir los juegos con fines educativos sin restricciones.<\/p>\n<\/details>\n\n\n\n<details class=\"wp-block-details is-layout-flow wp-block-details-is-layout-flow\"><summary>\u00bfPuedo utilizar los juegos de \u00a1Oh, mis puntos! en mis libros en l\u00ednea o impresos?<\/summary>\n<p>Puede utilizar los enlaces y los juegos TAL CUAL en sus productos comerciales, manteniendo el logotipo y las marcas de agua de \u00a1Oh, my Dots! Tambi\u00e9n puedes sustituir el logotipo por el texto<\/p>\n\n\n\n<p>\u00abJuego generado por es.ohmydots.com\u00bb.<\/p>\n\n\n\n<p>Esta menci\u00f3n debe aparecer en cada p\u00e1gina que incluya un juego y no en los cr\u00e9ditos del libro.<\/p>\n\n\n\n<p>Si no quieres ninguna menci\u00f3n a Oh, my Dots! puedes adquirir una imagen de alta resoluci\u00f3n con nosotros. El pedido m\u00ednimo es de 5 juegos. Utilice el formulario de contacto que aparece a continuaci\u00f3n.<\/p>\n<\/details>\n\n\n\n<p><\/p>\n\n\n\n<h2 class=\"wp-block-heading\">Formulario de Contacto<\/h2>\n\n\n<div class=\"wpforms-container wpforms-container-full wpforms-block wpforms-block-66ee0e69-e3ad-4251-86bc-0bdb9688f735\" id=\"wpforms-772\"><form id=\"wpforms-form-772\" class=\"wpforms-validate wpforms-form wpforms-ajax-form\" data-formid=\"772\" method=\"post\" enctype=\"multipart\/form-data\" action=\"\/docs\/wp-json\/wp\/v2\/pages\/769\" data-token=\"aac00cade0e7ff9774a1975f239d0dee\" data-token-time=\"1776007537\"><noscript class=\"wpforms-error-noscript\">Please enable JavaScript in your browser to complete this form.<\/noscript><div class=\"wpforms-field-container\"><div id=\"wpforms-772-field_0-container\" class=\"wpforms-field wpforms-field-name\" data-field-id=\"0\"><label class=\"wpforms-field-label\" for=\"wpforms-772-field_0\">Nombre <span class=\"wpforms-required-label\">*<\/span><\/label><input type=\"text\" id=\"wpforms-772-field_0\" class=\"wpforms-field-medium wpforms-field-required\" name=\"wpforms[fields][0]\" required><\/div><div id=\"wpforms-772-field_1-container\" class=\"wpforms-field wpforms-field-email\" data-field-id=\"1\"><label class=\"wpforms-field-label\" for=\"wpforms-772-field_1\">Correo electr\u00f3nico <span class=\"wpforms-required-label\">*<\/span><\/label><input type=\"email\" id=\"wpforms-772-field_1\" class=\"wpforms-field-medium wpforms-field-required\" name=\"wpforms[fields][1]\" spellcheck=\"false\" required><\/div><div id=\"wpforms-772-field_2-container\" class=\"wpforms-field wpforms-field-textarea\" data-field-id=\"2\"><label class=\"wpforms-field-label\" for=\"wpforms-772-field_2\">Comentario o mensaje <span class=\"wpforms-required-label\">*<\/span><\/label><textarea id=\"wpforms-772-field_2\" class=\"wpforms-field-medium wpforms-field-required\" name=\"wpforms[fields][2]\" required><\/textarea><\/div><\/div><!-- .wpforms-field-container --><div class=\"wpforms-recaptcha-container wpforms-is-recaptcha wpforms-is-recaptcha-type-v3\" ><input type=\"hidden\" name=\"wpforms[recaptcha]\" value=\"\"><\/div><div class=\"wpforms-submit-container\" ><input type=\"hidden\" name=\"wpforms[id]\" value=\"772\"><input type=\"hidden\" name=\"page_title\" value=\"\"><input type=\"hidden\" name=\"page_url\" value=\"https:\/\/www.ohmydots.com\/docs\/wp-json\/wp\/v2\/pages\/769\"><input type=\"hidden\" name=\"url_referer\" value=\"\"><button type=\"submit\" name=\"wpforms[submit]\" id=\"wpforms-submit-772\" class=\"wpforms-submit\" data-alt-text=\"Enviando...\" data-submit-text=\"Enviar\" aria-live=\"assertive\" value=\"wpforms-submit\">Enviar<\/button><img loading=\"lazy\" decoding=\"async\" src=\"https:\/\/www.ohmydots.com\/docs\/wp-content\/plugins\/wpforms-lite\/assets\/images\/submit-spin.svg\" class=\"wpforms-submit-spinner\" style=\"display: none;\" width=\"26\" height=\"26\" alt=\"Loading\"><\/div><\/form><\/div>  <!-- .wpforms-container -->\n\n\n<p><\/p>\n","protected":false},"excerpt":{"rendered":"<p>Antes de ponerse en contacto con nosotros, consulte nuestras Preguntas frecuentes. Preguntas Frecuentes Formulario de Contacto<\/p>\n","protected":false},"author":1,"featured_media":0,"parent":0,"menu_order":0,"comment_status":"closed","ping_status":"closed","template":"","meta":{"site-sidebar-layout":"default","site-content-layout":"default","ast-global-header-display":"","ast-main-header-display":"","ast-hfb-above-header-display":"","ast-hfb-below-header-display":"","ast-hfb-mobile-header-display":"","site-post-title":"","ast-breadcrumbs-content":"","ast-featured-img":"","footer-sml-layout":"","theme-transparent-header-meta":"","adv-header-id-meta":"","stick-header-meta":"","header-above-stick-meta":"","header-main-stick-meta":"","header-below-stick-meta":"","footnotes":""},"class_list":["post-769","page","type-page","status-publish","hentry"],"aioseo_notices":[],"featured_image_src":null,"amp_enabled":false,"_links":{"self":[{"href":"https:\/\/www.ohmydots.com\/docs\/wp-json\/wp\/v2\/pages\/769","targetHints":{"allow":["GET"]}}],"collection":[{"href":"https:\/\/www.ohmydots.com\/docs\/wp-json\/wp\/v2\/pages"}],"about":[{"href":"https:\/\/www.ohmydots.com\/docs\/wp-json\/wp\/v2\/types\/page"}],"author":[{"embeddable":true,"href":"https:\/\/www.ohmydots.com\/docs\/wp-json\/wp\/v2\/users\/1"}],"replies":[{"embeddable":true,"href":"https:\/\/www.ohmydots.com\/docs\/wp-json\/wp\/v2\/comments?post=769"}],"version-history":[{"count":3,"href":"https:\/\/www.ohmydots.com\/docs\/wp-json\/wp\/v2\/pages\/769\/revisions"}],"predecessor-version":[{"id":779,"href":"https:\/\/www.ohmydots.com\/docs\/wp-json\/wp\/v2\/pages\/769\/revisions\/779"}],"wp:attachment":[{"href":"https:\/\/www.ohmydots.com\/docs\/wp-json\/wp\/v2\/media?parent=769"}],"curies":[{"name":"wp","href":"https:\/\/api.w.org\/{rel}","templated":true}]}}